{"id":2871,"date":"2024-03-13T10:23:49","date_gmt":"2024-03-13T02:23:49","guid":{"rendered":"http:\/\/www.dbseal.com\/?post_type=product&#038;p=2871"},"modified":"2024-03-13T10:24:44","modified_gmt":"2024-03-13T02:24:44","slug":"db110","status":"publish","type":"product","link":"https:\/\/www.dbseal.com\/pt\/product\/db110\/","title":{"rendered":"DB110"},"content":{"rendered":"<p><strong>Frisos de prote\u00e7\u00e3o em espuma de PU em :<\/strong><\/p>\n<ul>\n<li>N\u00facleo de espuma de poliuretano (PU)<\/li>\n<\/ul>\n<ul>\n<li>Pel\u00edcula de polietileno (PE)<\/li>\n<li>Fio de fibra de vidro ou inser\u00e7\u00e3o de polipropileno (PP)<\/li>\n<\/ul>\n<p><strong>Vantagens das fitas de prote\u00e7\u00e3o de espuma de poliuretano:<\/strong><\/p>\n<ul>\n<li><em>Espuma de poliuretano (PU) - alta\u00a0<\/em><em>el\u00e1stico<\/em><em>ity,\u00a0<\/em><em>desempenho de recupera\u00e7\u00e3o superior<\/em><em>.<\/em><\/li>\n<li><em>Pel\u00edcula de polietileno (PE) - resistente \u00e0s intemp\u00e9ries e aos raios UV.<\/em><\/li>\n<li><em>Inser\u00e7\u00e3o de polipropileno (PP)<\/em><em>evita o alongamento e a contra\u00e7\u00e3o<\/em><em>.<\/em><\/li>\n<li><em>Boa propriedade de veda\u00e7\u00e3o, insonoriza\u00e7\u00e3o, redu\u00e7\u00e3o do ru\u00eddo.<\/em><\/li>\n<li><em>Forte absor\u00e7\u00e3o de choques, amortece o impacto da porta contra o caixilho.<\/em><\/li>\n<li><em>Utilizado para temperaturas amplas: mant\u00e9m uma boa elasticidade a altas e baixas temperaturas.<\/em><\/li>\n<li><em>N\u00e3o t\u00f3xico e inodoro, amigo do ambiente.<\/em><\/li>\n<li><em>Instala\u00e7\u00e3o f\u00e1cil: inser\u00e7\u00e3o e adesivo.<\/em><\/li>\n<li><em>V\u00e1rias formas e cores \u00e0 escolha: branco, preto, cinzento, castanho, bege, carvalho, etc.<\/em><\/li>\n<li><em>Suportado por OEM.<\/em><\/li>\n<\/ul>","protected":false},"excerpt":{"rendered":"<p>Estores de espuma de PU feitos de : N\u00facleo de espuma de poliuretano (PU) Pel\u00edcula de polietileno (PE) Fio de fibra de vidro ou polipropileno...<\/p>","protected":false},"featured_media":2872,"comment_status":"open","ping_status":"closed","template":"","meta":[],"product_cat":[46],"product_tag":[],"class_list":["post-2871","product","type-product","status-publish","has-post-thumbnail","hentry","product_cat-timber"],"_links":{"self":[{"href":"https:\/\/www.dbseal.com\/pt\/wp-json\/wp\/v2\/product\/2871","targetHints":{"allow":["GET"]}}],"collection":[{"href":"https:\/\/www.dbseal.com\/pt\/wp-json\/wp\/v2\/product"}],"about":[{"href":"https:\/\/www.dbseal.com\/pt\/wp-json\/wp\/v2\/types\/product"}],"replies":[{"embeddable":true,"href":"https:\/\/www.dbseal.com\/pt\/wp-json\/wp\/v2\/comments?post=2871"}],"wp:featuredmedia":[{"embeddable":true,"href":"https:\/\/www.dbseal.com\/pt\/wp-json\/wp\/v2\/media\/2872"}],"wp:attachment":[{"href":"https:\/\/www.dbseal.com\/pt\/wp-json\/wp\/v2\/media?parent=2871"}],"wp:term":[{"taxonomy":"product_cat","embeddable":true,"href":"https:\/\/www.dbseal.com\/pt\/wp-json\/wp\/v2\/product_cat?post=2871"},{"taxonomy":"product_tag","embeddable":true,"href":"https:\/\/www.dbseal.com\/pt\/wp-json\/wp\/v2\/product_tag?post=2871"}],"curies":[{"name":"wp","href":"https:\/\/api.w.org\/{rel}","templated":true}]}}