{"id":2898,"date":"2024-03-13T10:42:12","date_gmt":"2024-03-13T02:42:12","guid":{"rendered":"http:\/\/www.dbseal.com\/?post_type=product&#038;p=2898"},"modified":"2024-03-13T10:43:06","modified_gmt":"2024-03-13T02:43:06","slug":"db124","status":"publish","type":"product","link":"https:\/\/www.dbseal.com\/fr\/product\/db124\/","title":{"rendered":"DB124"},"content":{"rendered":"<p><strong>Bandes d'\u00e9tanch\u00e9it\u00e9 en mousse PU en :<\/strong><\/p>\n<ul>\n<li>Noyau en mousse de polyur\u00e9thane (PU)<\/li>\n<\/ul>\n<ul>\n<li>Film de poly\u00e9thyl\u00e8ne (PE)<\/li>\n<li>Fil en fibre de verre ou insert en polypropyl\u00e8ne (PP)<\/li>\n<\/ul>\n<p><strong>Avantages des bandes d'\u00e9tanch\u00e9it\u00e9 en mousse de polyur\u00e9thane :<\/strong><\/p>\n<ul>\n<li><em>Mousse de polyur\u00e9thane (PU) - \u00e9lev\u00e9e\u00a0<\/em><em>\u00e9lastique<\/em><em>it\u00e9,\u00a0<\/em><em>une performance de r\u00e9cup\u00e9ration sup\u00e9rieure<\/em><em>.<\/em><\/li>\n<li><em>Film en poly\u00e9thyl\u00e8ne (PE) - r\u00e9sistant aux intemp\u00e9ries et aux UV.<\/em><\/li>\n<li><em>Insert en polypropyl\u00e8ne (PP)<\/em><em>emp\u00eache l'allongement et le r\u00e9tr\u00e9cissement<\/em><em>.<\/em><\/li>\n<li><em>Bonne \u00e9tanch\u00e9it\u00e9, insonorisation, r\u00e9duction du bruit.<\/em><\/li>\n<li><em>Forte absorption des chocs, amortissant l'impact de la porte contre le cadre.<\/em><\/li>\n<li><em>Utilis\u00e9 \u00e0 des temp\u00e9ratures vari\u00e9es : conserve une bonne \u00e9lasticit\u00e9 \u00e0 des temp\u00e9ratures \u00e9lev\u00e9es et basses.<\/em><\/li>\n<li><em>Non toxique et inodore, respectueux de l'environnement.<\/em><\/li>\n<li><em>Installation facile : ins\u00e9rer et coller.<\/em><\/li>\n<li><em>Diff\u00e9rentes formes et couleurs au choix : blanc, noir, gris, brun, beige, ch\u00eane, etc.<\/em><\/li>\n<li><em>Prise en charge par les OEM.<\/em><\/li>\n<\/ul>","protected":false},"excerpt":{"rendered":"<p>Bandes d'\u00e9tanch\u00e9it\u00e9 en mousse de PU compos\u00e9es de : Mousse de polyur\u00e9thane (PU) Film de poly\u00e9thyl\u00e8ne (PE) Fil de verre ou polypropyl\u00e8ne...<\/p>","protected":false},"featured_media":2899,"comment_status":"open","ping_status":"closed","template":"","meta":[],"product_cat":[46],"product_tag":[],"class_list":["post-2898","product","type-product","status-publish","has-post-thumbnail","hentry","product_cat-timber","stm_brands-db-seal"],"_links":{"self":[{"href":"https:\/\/www.dbseal.com\/fr\/wp-json\/wp\/v2\/product\/2898","targetHints":{"allow":["GET"]}}],"collection":[{"href":"https:\/\/www.dbseal.com\/fr\/wp-json\/wp\/v2\/product"}],"about":[{"href":"https:\/\/www.dbseal.com\/fr\/wp-json\/wp\/v2\/types\/product"}],"replies":[{"embeddable":true,"href":"https:\/\/www.dbseal.com\/fr\/wp-json\/wp\/v2\/comments?post=2898"}],"wp:featuredmedia":[{"embeddable":true,"href":"https:\/\/www.dbseal.com\/fr\/wp-json\/wp\/v2\/media\/2899"}],"wp:attachment":[{"href":"https:\/\/www.dbseal.com\/fr\/wp-json\/wp\/v2\/media?parent=2898"}],"wp:term":[{"taxonomy":"product_cat","embeddable":true,"href":"https:\/\/www.dbseal.com\/fr\/wp-json\/wp\/v2\/product_cat?post=2898"},{"taxonomy":"product_tag","embeddable":true,"href":"https:\/\/www.dbseal.com\/fr\/wp-json\/wp\/v2\/product_tag?post=2898"}],"curies":[{"name":"wp","href":"https:\/\/api.w.org\/{rel}","templated":true}]}}